{"id":713,"date":"2025-05-26T11:07:02","date_gmt":"2025-05-26T09:07:02","guid":{"rendered":"https:\/\/kingwasp.be\/?page_id=713"},"modified":"2025-06-23T16:17:04","modified_gmt":"2025-06-23T14:17:04","slug":"infos","status":"publish","type":"page","link":"https:\/\/kingwasp.be\/index.php\/infos\/","title":{"rendered":"Infos pratiques"},"content":{"rendered":"\t\t<div data-elementor-type=\"wp-page\" data-elementor-id=\"713\" class=\"elementor elementor-713\">\n\t\t\t\t\t\t<section class=\"elementor-section elementor-top-section elementor-element elementor-element-7be85a0 elementor-section-boxed elementor-section-height-default elementor-section-height-default exad-glass-effect-no exad-sticky-section-no\" data-id=\"7be85a0\" data-element_type=\"section\">\n\t\t\t\t\t\t<div class=\"elementor-container elementor-column-gap-default\">\n\t\t\t\t\t<div class=\"elementor-column elementor-col-100 elementor-top-column elementor-element elementor-element-061ebed exad-glass-effect-no exad-sticky-section-no\" data-id=\"061ebed\" data-element_type=\"column\">\n\t\t\t<div class=\"elementor-widget-wrap elementor-element-populated\">\n\t\t\t\t\t\t<div class=\"elementor-element elementor-element-8f4f341 exad-sticky-section-no exad-glass-effect-no elementor-widget elementor-widget-heading\" data-id=\"8f4f341\" data-element_type=\"widget\" data-widget_type=\"heading.default\">\n\t\t\t\t<div class=\"elementor-widget-container\">\n\t\t\t\t\t<h1 class=\"elementor-heading-title elementor-size-default\">Infos pratiques <\/h1>\t\t\t\t<\/div>\n\t\t\t\t<\/div>\n\t\t\t\t\t<\/div>\n\t\t<\/div>\n\t\t\t\t\t<\/div>\n\t\t<\/section>\n\t\t\t\t<section class=\"elementor-section elementor-top-section elementor-element elementor-element-e6d7c08 elementor-section-boxed elementor-section-height-default elementor-section-height-default exad-glass-effect-no exad-sticky-section-no\" data-id=\"e6d7c08\" data-element_type=\"section\">\n\t\t\t\t\t\t<div class=\"elementor-container elementor-column-gap-default\">\n\t\t\t\t\t<div class=\"elementor-column elementor-col-16 elementor-top-column elementor-element elementor-element-6d21082 exad-glass-effect-no exad-sticky-section-no\" data-id=\"6d21082\" data-element_type=\"column\">\n\t\t\t<div class=\"elementor-widget-wrap\">\n\t\t\t\t\t\t\t<\/div>\n\t\t<\/div>\n\t\t\t\t<div class=\"elementor-column elementor-col-66 elementor-top-column elementor-element elementor-element-3a5629a exad-glass-effect-no exad-sticky-section-no\" data-id=\"3a5629a\" data-element_type=\"column\" data-settings=\"{&quot;background_background&quot;:&quot;classic&quot;}\">\n\t\t\t<div class=\"elementor-widget-wrap elementor-element-populated\">\n\t\t\t\t\t\t<div class=\"elementor-element elementor-element-c88c8ba exad-sticky-section-no exad-glass-effect-no elementor-widget elementor-widget-heading\" data-id=\"c88c8ba\" data-element_type=\"widget\" data-widget_type=\"heading.default\">\n\t\t\t\t<div class=\"elementor-widget-container\">\n\t\t\t\t\t<h1 class=\"elementor-heading-title elementor-size-default\">Prix<\/h1>\t\t\t\t<\/div>\n\t\t\t\t<\/div>\n\t\t\t\t\t<\/div>\n\t\t<\/div>\n\t\t\t\t<div class=\"elementor-column elementor-col-16 elementor-top-column elementor-element elementor-element-3564e9b exad-glass-effect-no exad-sticky-section-no\" data-id=\"3564e9b\" data-element_type=\"column\">\n\t\t\t<div class=\"elementor-widget-wrap\">\n\t\t\t\t\t\t\t<\/div>\n\t\t<\/div>\n\t\t\t\t\t<\/div>\n\t\t<\/section>\n\t\t\t\t<section class=\"elementor-section elementor-top-section elementor-element elementor-element-07bae35 elementor-section-boxed elementor-section-height-default elementor-section-height-default exad-glass-effect-no exad-sticky-section-no\" data-id=\"07bae35\" data-element_type=\"section\">\n\t\t\t\t\t\t<div class=\"elementor-container elementor-column-gap-default\">\n\t\t\t\t\t<div class=\"elementor-column elementor-col-25 elementor-top-column elementor-element elementor-element-f93fd31 exad-glass-effect-no exad-sticky-section-no\" data-id=\"f93fd31\" data-element_type=\"column\">\n\t\t\t<div class=\"elementor-widget-wrap\">\n\t\t\t\t\t\t\t<\/div>\n\t\t<\/div>\n\t\t\t\t<div class=\"elementor-column elementor-col-50 elementor-top-column elementor-element elementor-element-1b7acd7 exad-glass-effect-no exad-sticky-section-no\" data-id=\"1b7acd7\" data-element_type=\"column\">\n\t\t\t<div class=\"elementor-widget-wrap elementor-element-populated\">\n\t\t\t\t\t\t<div class=\"elementor-element elementor-element-81e14e7 elementor-widget__width-initial exad-sticky-section-no exad-glass-effect-no elementor-widget elementor-widget-exad-pricing-menu\" data-id=\"81e14e7\" data-element_type=\"widget\" data-widget_type=\"exad-pricing-menu.default\">\n\t\t\t\t<div class=\"elementor-widget-container\">\n\t\t\t\t\t        <div class=\"exad-pricing-list\">\r\n            <div class=\"exad-pricing-list-wrapper yes\">\r\n                            <div class=\"elementor-repeater-item-b6429b3 exad-pricing-list-item\">\r\n                    \r\n                    <div class=\"exad-pricing-list-item-content price_pos_right\">\r\n                        <div class=\"exad-pricing-list-item-content-inner\">\r\n                            <div class=\"exad-pricing-title\">\r\n                                                                        <h5 class=\"exad-pricing-list-item-content-title\">Elimination des nids de gu\u00eapes<\/h5>\r\n                                \r\n                                                                        <span class=\"exad-pricing-list-item-content-conntector\"><\/span>\r\n                                <div class=\"exad-pricing-list-item-price\"><span>60 \u20ac<\/span><\/div>                            <\/div>\r\n\r\n                                                        <\/div>\r\n                                            <\/div>\r\n                <\/div>\r\n                            <div class=\"elementor-repeater-item-18c32c5 exad-pricing-list-item\">\r\n                    \r\n                    <div class=\"exad-pricing-list-item-content price_pos_right\">\r\n                        <div class=\"exad-pricing-list-item-content-inner\">\r\n                            <div class=\"exad-pricing-title\">\r\n                                                                        <h5 class=\"exad-pricing-list-item-content-title\">Enl\u00e8vement d'un nid de frelons europ\u00e9ens<\/h5>\r\n                                \r\n                                                                        <span class=\"exad-pricing-list-item-content-conntector\"><\/span>\r\n                                <div class=\"exad-pricing-list-item-price\"><span>60 \u20ac<\/span><\/div>                            <\/div>\r\n\r\n                                                        <\/div>\r\n                                            <\/div>\r\n                <\/div>\r\n                            <div class=\"elementor-repeater-item-461f7bd exad-pricing-list-item\">\r\n                    \r\n                    <div class=\"exad-pricing-list-item-content price_pos_right\">\r\n                        <div class=\"exad-pricing-list-item-content-inner\">\r\n                            <div class=\"exad-pricing-title\">\r\n                                                                        <h5 class=\"exad-pricing-list-item-content-title\">Enl\u00e8vement d'un nid de frelons asiatiques<\/h5>\r\n                                \r\n                                                                        <span class=\"exad-pricing-list-item-content-conntector\"><\/span>\r\n                                <div class=\"exad-pricing-list-item-price\"><span>Sur demande <\/span><\/div>                            <\/div>\r\n\r\n                                                        <\/div>\r\n                                            <\/div>\r\n                <\/div>\r\n                        <\/div>\r\n        <\/div>\r\n    \t\t\t\t<\/div>\n\t\t\t\t<\/div>\n\t\t\t\t\t<\/div>\n\t\t<\/div>\n\t\t\t\t<div class=\"elementor-column elementor-col-25 elementor-top-column elementor-element elementor-element-947b612 exad-glass-effect-no exad-sticky-section-no\" data-id=\"947b612\" data-element_type=\"column\">\n\t\t\t<div class=\"elementor-widget-wrap\">\n\t\t\t\t\t\t\t<\/div>\n\t\t<\/div>\n\t\t\t\t\t<\/div>\n\t\t<\/section>\n\t\t\t\t<section class=\"elementor-section elementor-top-section elementor-element elementor-element-1179d43 elementor-section-boxed elementor-section-height-default elementor-section-height-default exad-glass-effect-no exad-sticky-section-no\" data-id=\"1179d43\" data-element_type=\"section\">\n\t\t\t\t\t\t<div class=\"elementor-container elementor-column-gap-default\">\n\t\t\t\t\t<div class=\"elementor-column elementor-col-33 elementor-top-column elementor-element elementor-element-32df26f exad-glass-effect-no exad-sticky-section-no\" data-id=\"32df26f\" data-element_type=\"column\">\n\t\t\t<div class=\"elementor-widget-wrap\">\n\t\t\t\t\t\t\t<\/div>\n\t\t<\/div>\n\t\t\t\t<div class=\"elementor-column elementor-col-33 elementor-top-column elementor-element elementor-element-044e624 exad-glass-effect-no exad-sticky-section-no\" data-id=\"044e624\" data-element_type=\"column\">\n\t\t\t<div class=\"elementor-widget-wrap elementor-element-populated\">\n\t\t\t\t\t\t<div class=\"elementor-element elementor-element-023cd26 exad-sticky-section-no exad-glass-effect-no elementor-widget elementor-widget-exad-modal-popup\" data-id=\"023cd26\" data-element_type=\"widget\" data-widget_type=\"exad-modal-popup.default\">\n\t\t\t\t<div class=\"elementor-widget-container\">\n\t\t\t\t\t\t\t\r\n\t\t<div class=\"exad-modal\">\r\n\t\t\t<div class=\"exad-modal-wrapper\">\r\n\r\n\t\t\t\t<div class=\"exad-modal-button exad-modal-btn-fixed-width-no\">\r\n\t\t\t\t\t<a href=\"#\" class=\"exad-modal-image-action image-modal\" data-exad-modal=\"#exad-modal-023cd26\" data-exad-overlay=\"yes\" >\r\n\t\t\t\t\t\t<span class=\"exad-modal-action-icon-\">\r\n\t\t\t\t\t\t\tContactez-moi\t\t\t\t\t\t<\/span>\r\n\t\t\t\t\t<\/a>\r\n\t\t\t\t<\/div>\r\n\t\t\r\n\t\t\t\t<div id=\"exad-modal-023cd26\" class=\"exad-modal-item modal-vimeo top-to-middle shortcode exad-content-overflow-x-yes exad-content-overflow-y-yes\" data-exad_modal_prevent_page_scroll=\"no\" >\r\n\t\t\t\t\t<div class=\"exad-modal-content\">\r\n\t\t\t\t\t\t<div class=\"exad-modal-element \">\r\n\t\t\t\t\t\t\t\t\t<div data-elementor-type=\"wp-post\" data-elementor-id=\"451\" class=\"elementor elementor-451\">\n\t\t\t\t\t\t<section class=\"elementor-section elementor-top-section elementor-element elementor-element-ba76b32 elementor-section-boxed elementor-section-height-default elementor-section-height-default exad-glass-effect-no exad-sticky-section-no\" data-id=\"ba76b32\" data-element_type=\"section\" data-settings=\"{&quot;background_background&quot;:&quot;classic&quot;}\">\n\t\t\t\t\t\t<div class=\"elementor-container elementor-column-gap-default\">\n\t\t\t\t\t<div class=\"elementor-column elementor-col-100 elementor-top-column elementor-element elementor-element-5691512 exad-glass-effect-no exad-sticky-section-no\" data-id=\"5691512\" data-element_type=\"column\">\n\t\t\t<div class=\"elementor-widget-wrap elementor-element-populated\">\n\t\t\t\t\t\t<div class=\"elementor-element elementor-element-2da303d exad-sticky-section-no exad-glass-effect-no elementor-widget elementor-widget-exad-contact-form-7\" data-id=\"2da303d\" data-element_type=\"widget\" data-widget_type=\"exad-contact-form-7.default\">\n\t\t\t\t<div class=\"elementor-widget-container\">\n\t\t\t\t\t            <div class=\"exad-contact-form exad-contact-form-7 exad-contact-form-2da303d\">\r\n                    \r\n                                        \r\n                \n<div class=\"wpcf7 no-js\" id=\"wpcf7-f476-o1\" lang=\"fr-FR\" dir=\"ltr\" data-wpcf7-id=\"476\">\n<div class=\"screen-reader-response\"><p role=\"status\" aria-live=\"polite\" aria-atomic=\"true\"><\/p> <ul><\/ul><\/div>\n<form action=\"\/index.php\/wp-json\/wp\/v2\/pages\/713#wpcf7-f476-o1\" method=\"post\" class=\"wpcf7-form init\" aria-label=\"Formulaire de contact\" novalidate=\"novalidate\" data-status=\"init\">\n<div style=\"display: none;\">\n<input type=\"hidden\" name=\"_wpcf7\" value=\"476\" \/>\n<input type=\"hidden\" name=\"_wpcf7_version\" value=\"6.0.6\" \/>\n<input type=\"hidden\" name=\"_wpcf7_locale\" value=\"fr_FR\" \/>\n<input type=\"hidden\" name=\"_wpcf7_unit_tag\" value=\"wpcf7-f476-o1\" \/>\n<input type=\"hidden\" name=\"_wpcf7_container_post\" value=\"0\" \/>\n<input type=\"hidden\" name=\"_wpcf7_posted_data_hash\" value=\"\" \/>\n<\/div>\n<p><label> Nom<br \/>\n<span class=\"wpcf7-form-control-wrap\" data-name=\"your-name\"><input size=\"40\" maxlength=\"400\" class=\"wpcf7-form-control wpcf7-text wpcf7-validates-as-required\" autocomplete=\"name\" aria-required=\"true\" aria-invalid=\"false\" value=\"\" type=\"text\" name=\"your-name\" \/><\/span> <\/label>\n<\/p>\n<p><label> Adresse<br \/>\n<span class=\"wpcf7-form-control-wrap\" data-name=\"Adresse\"><input size=\"40\" maxlength=\"400\" class=\"wpcf7-form-control wpcf7-text wpcf7-validates-as-required\" aria-required=\"true\" aria-invalid=\"false\" value=\"\" type=\"text\" name=\"Adresse\" \/><\/span><\/label>\n<\/p>\n<p><label> Num\u00e9ro de t\u00e9l\u00e9phone<br \/>\n<span class=\"wpcf7-form-control-wrap\" data-name=\"tel\"><input size=\"40\" maxlength=\"400\" class=\"wpcf7-form-control wpcf7-tel wpcf7-validates-as-required wpcf7-text wpcf7-validates-as-tel\" aria-required=\"true\" aria-invalid=\"false\" value=\"\" type=\"tel\" name=\"tel\" \/><\/span><\/label>\n<\/p>\n<p><label> Type de nid<br \/>\n<span class=\"wpcf7-form-control-wrap\" data-name=\"MenugupesFR\"><select class=\"wpcf7-form-control wpcf7-select wpcf7-validates-as-required\" aria-required=\"true\" aria-invalid=\"false\" name=\"MenugupesFR\"><option value=\"\">&#8212;Veuillez choisir une option&#8212;<\/option><option value=\"Gu\u00eapes\">Gu\u00eapes<\/option><option value=\"Frelons europ\u00e9ens\">Frelons europ\u00e9ens<\/option><option value=\"Frelons asiatiques\">Frelons asiatiques<\/option><option value=\"Je ne sais pas\">Je ne sais pas<\/option><\/select><\/span><\/label>\n<\/p>\n<p><label> Hauteur du nid<br \/>\n<span class=\"wpcf7-form-control-wrap\" data-name=\"Hauteurdunid\"><input size=\"40\" maxlength=\"400\" class=\"wpcf7-form-control wpcf7-text wpcf7-validates-as-required\" aria-required=\"true\" aria-invalid=\"false\" value=\"\" type=\"text\" name=\"Hauteurdunid\" \/><\/span><\/label>\n<\/p>\n<p><label> Emplacement du nid<br \/>\n<span class=\"wpcf7-form-control-wrap\" data-name=\"Emplacementdunid\"><input size=\"40\" maxlength=\"400\" class=\"wpcf7-form-control wpcf7-text wpcf7-validates-as-required\" aria-required=\"true\" aria-invalid=\"false\" value=\"\" type=\"text\" name=\"Emplacementdunid\" \/><\/span><\/label>\n<\/p>\n<p><input class=\"wpcf7-form-control wpcf7-submit has-spinner\" type=\"submit\" value=\"Envoyer\" \/>\n<\/p><div class=\"wpcf7-response-output\" aria-hidden=\"true\"><\/div>\n<\/form>\n<\/div>\n            <\/div>\r\n            \r\n            \t\t\t\t<\/div>\n\t\t\t\t<\/div>\n\t\t\t\t\t<\/div>\n\t\t<\/div>\n\t\t\t\t\t<\/div>\n\t\t<\/section>\n\t\t\t\t<\/div>\n\t\t\r\n\t\t\t\t\t\t\t<div class=\"exad-close-btn\">\r\n\t\t\t\t\t\t\t\t<span><\/span>\r\n\t\t\t\t\t\t\t<\/div>\r\n\r\n\t\t\t\t\t\t<\/div>\r\n\t\t\t\t\t<\/div>\r\n\t\t\t\t<\/div>\r\n\t\t\t<\/div>\r\n\t\t\t<div class=\"exad-modal-overlay\" data-exad_overlay_click_close=\"yes\"><\/div>\r\n\t\t<\/div>\r\n\t\t\t\t\t<\/div>\n\t\t\t\t<\/div>\n\t\t\t\t\t<\/div>\n\t\t<\/div>\n\t\t\t\t<div class=\"elementor-column elementor-col-33 elementor-top-column elementor-element elementor-element-a21ccc4 exad-glass-effect-no exad-sticky-section-no\" data-id=\"a21ccc4\" data-element_type=\"column\">\n\t\t\t<div class=\"elementor-widget-wrap\">\n\t\t\t\t\t\t\t<\/div>\n\t\t<\/div>\n\t\t\t\t\t<\/div>\n\t\t<\/section>\n\t\t\t\t<section class=\"elementor-section elementor-top-section elementor-element elementor-element-9657835 elementor-section-boxed elementor-section-height-default elementor-section-height-default exad-glass-effect-no exad-sticky-section-no\" data-id=\"9657835\" data-element_type=\"section\">\n\t\t\t\t\t\t<div class=\"elementor-container elementor-column-gap-default\">\n\t\t\t\t\t<div class=\"elementor-column elementor-col-100 elementor-top-column elementor-element elementor-element-7619ee6 exad-glass-effect-no exad-sticky-section-no\" data-id=\"7619ee6\" data-element_type=\"column\">\n\t\t\t<div class=\"elementor-widget-wrap\">\n\t\t\t\t\t\t\t<\/div>\n\t\t<\/div>\n\t\t\t\t\t<\/div>\n\t\t<\/section>\n\t\t\t\t<\/div>\n\t\t","protected":false},"excerpt":{"rendered":"<p>Infos pratiques Prix Elimination des nids de gu\u00eapes 60 \u20ac Enl\u00e8vement d&#8217;un nid de frelons europ\u00e9ens 60 \u20ac Enl\u00e8vement d&#8217;un nid de frelons asiatiques Sur demande Contactez-moi Nom Adresse Num\u00e9ro de t\u00e9l\u00e9phone Type de nid &#8212;Please choose an option&#8212;Gu\u00eapesFrelons europ\u00e9ensFrelons asiatiquesJe ne sais pas Hauteur du nid Emplacement du nid<\/p>\n","protected":false},"author":1,"featured_media":0,"parent":0,"menu_order":0,"comment_status":"closed","ping_status":"closed","template":"","meta":{"footnotes":""},"class_list":["post-713","page","type-page","status-publish","hentry","entry"],"yoast_head":"<!-- This site is optimized with the Yoast SEO plugin v25.1 - https:\/\/yoast.com\/wordpress\/plugins\/seo\/ -->\n<title>Infos pratiques - KINGWASP<\/title>\n<meta name=\"robots\" content=\"index, follow, max-snippet:-1, max-image-preview:large, max-video-preview:-1\" \/>\n<link rel=\"canonical\" href=\"https:\/\/kingwasp.be\/index.php\/infos\/\" \/>\n<meta property=\"og:locale\" content=\"en_US\" \/>\n<meta property=\"og:type\" content=\"article\" \/>\n<meta property=\"og:title\" content=\"Infos pratiques - KINGWASP\" \/>\n<meta property=\"og:description\" content=\"Infos pratiques Prix Elimination des nids de gu\u00eapes 60 \u20ac Enl\u00e8vement d&#8217;un nid de frelons europ\u00e9ens 60 \u20ac Enl\u00e8vement d&#8217;un nid de frelons asiatiques Sur demande Contactez-moi Nom Adresse Num\u00e9ro de t\u00e9l\u00e9phone Type de nid &#8212;Please choose an option&#8212;Gu\u00eapesFrelons europ\u00e9ensFrelons asiatiquesJe ne sais pas Hauteur du nid Emplacement du nid\" \/>\n<meta property=\"og:url\" content=\"https:\/\/kingwasp.be\/index.php\/infos\/\" \/>\n<meta property=\"og:site_name\" content=\"KINGWASP\" \/>\n<meta property=\"article:publisher\" content=\"https:\/\/www.facebook.com\/profile.php?id=100093659237284\" \/>\n<meta property=\"article:modified_time\" content=\"2025-06-23T14:17:04+00:00\" \/>\n<meta name=\"twitter:card\" content=\"summary_large_image\" \/>\n<meta name=\"twitter:label1\" content=\"Est. reading time\" \/>\n\t<meta name=\"twitter:data1\" content=\"1 minute\" \/>\n<script type=\"application\/ld+json\" class=\"yoast-schema-graph\">{\"@context\":\"https:\/\/schema.org\",\"@graph\":[{\"@type\":\"WebPage\",\"@id\":\"https:\/\/kingwasp.be\/index.php\/infos\/\",\"url\":\"https:\/\/kingwasp.be\/index.php\/infos\/\",\"name\":\"Infos pratiques - KINGWASP\",\"isPartOf\":{\"@id\":\"https:\/\/kingwasp.be\/index.php\/main-page-nl\/#website\"},\"datePublished\":\"2025-05-26T09:07:02+00:00\",\"dateModified\":\"2025-06-23T14:17:04+00:00\",\"breadcrumb\":{\"@id\":\"https:\/\/kingwasp.be\/index.php\/infos\/#breadcrumb\"},\"inLanguage\":\"en-US\",\"potentialAction\":[{\"@type\":\"ReadAction\",\"target\":[\"https:\/\/kingwasp.be\/index.php\/infos\/\"]}]},{\"@type\":\"BreadcrumbList\",\"@id\":\"https:\/\/kingwasp.be\/index.php\/infos\/#breadcrumb\",\"itemListElement\":[{\"@type\":\"ListItem\",\"position\":1,\"name\":\"Accueil\",\"item\":\"https:\/\/kingwasp.be\/\"},{\"@type\":\"ListItem\",\"position\":2,\"name\":\"Infos pratiques\"}]},{\"@type\":\"WebSite\",\"@id\":\"https:\/\/kingwasp.be\/index.php\/main-page-nl\/#website\",\"url\":\"https:\/\/kingwasp.be\/index.php\/main-page-nl\/\",\"name\":\"KINGWASP\",\"description\":\"\",\"publisher\":{\"@id\":\"https:\/\/kingwasp.be\/index.php\/main-page-nl\/#organization\"},\"potentialAction\":[{\"@type\":\"SearchAction\",\"target\":{\"@type\":\"EntryPoint\",\"urlTemplate\":\"https:\/\/kingwasp.be\/index.php\/main-page-nl\/?s={search_term_string}\"},\"query-input\":{\"@type\":\"PropertyValueSpecification\",\"valueRequired\":true,\"valueName\":\"search_term_string\"}}],\"inLanguage\":\"en-US\"},{\"@type\":\"Organization\",\"@id\":\"https:\/\/kingwasp.be\/index.php\/main-page-nl\/#organization\",\"name\":\"KINGWASP\",\"url\":\"https:\/\/kingwasp.be\/index.php\/main-page-nl\/\",\"logo\":{\"@type\":\"ImageObject\",\"inLanguage\":\"en-US\",\"@id\":\"https:\/\/kingwasp.be\/index.php\/main-page-nl\/#\/schema\/logo\/image\/\",\"url\":\"https:\/\/kingwasp.be\/wp-content\/uploads\/2023\/07\/KingWasp.png\",\"contentUrl\":\"https:\/\/kingwasp.be\/wp-content\/uploads\/2023\/07\/KingWasp.png\",\"width\":9056,\"height\":5157,\"caption\":\"KINGWASP\"},\"image\":{\"@id\":\"https:\/\/kingwasp.be\/index.php\/main-page-nl\/#\/schema\/logo\/image\/\"},\"sameAs\":[\"https:\/\/www.facebook.com\/profile.php?id=100093659237284\",\"https:\/\/instagram.com\/kingwaspvandamme?igshid=MzRlODBiNWFlZA==\"]}]}<\/script>\n<!-- \/ Yoast SEO plugin. -->","yoast_head_json":{"title":"Infos pratiques - KINGWASP","robots":{"index":"index","follow":"follow","max-snippet":"max-snippet:-1","max-image-preview":"max-image-preview:large","max-video-preview":"max-video-preview:-1"},"canonical":"https:\/\/kingwasp.be\/index.php\/infos\/","og_locale":"en_US","og_type":"article","og_title":"Infos pratiques - KINGWASP","og_description":"Infos pratiques Prix Elimination des nids de gu\u00eapes 60 \u20ac Enl\u00e8vement d&#8217;un nid de frelons europ\u00e9ens 60 \u20ac Enl\u00e8vement d&#8217;un nid de frelons asiatiques Sur demande Contactez-moi Nom Adresse Num\u00e9ro de t\u00e9l\u00e9phone Type de nid &#8212;Please choose an option&#8212;Gu\u00eapesFrelons europ\u00e9ensFrelons asiatiquesJe ne sais pas Hauteur du nid Emplacement du nid","og_url":"https:\/\/kingwasp.be\/index.php\/infos\/","og_site_name":"KINGWASP","article_publisher":"https:\/\/www.facebook.com\/profile.php?id=100093659237284","article_modified_time":"2025-06-23T14:17:04+00:00","twitter_card":"summary_large_image","twitter_misc":{"Est. reading time":"1 minute"},"schema":{"@context":"https:\/\/schema.org","@graph":[{"@type":"WebPage","@id":"https:\/\/kingwasp.be\/index.php\/infos\/","url":"https:\/\/kingwasp.be\/index.php\/infos\/","name":"Infos pratiques - KINGWASP","isPartOf":{"@id":"https:\/\/kingwasp.be\/index.php\/main-page-nl\/#website"},"datePublished":"2025-05-26T09:07:02+00:00","dateModified":"2025-06-23T14:17:04+00:00","breadcrumb":{"@id":"https:\/\/kingwasp.be\/index.php\/infos\/#breadcrumb"},"inLanguage":"en-US","potentialAction":[{"@type":"ReadAction","target":["https:\/\/kingwasp.be\/index.php\/infos\/"]}]},{"@type":"BreadcrumbList","@id":"https:\/\/kingwasp.be\/index.php\/infos\/#breadcrumb","itemListElement":[{"@type":"ListItem","position":1,"name":"Accueil","item":"https:\/\/kingwasp.be\/"},{"@type":"ListItem","position":2,"name":"Infos pratiques"}]},{"@type":"WebSite","@id":"https:\/\/kingwasp.be\/index.php\/main-page-nl\/#website","url":"https:\/\/kingwasp.be\/index.php\/main-page-nl\/","name":"KINGWASP","description":"","publisher":{"@id":"https:\/\/kingwasp.be\/index.php\/main-page-nl\/#organization"},"potentialAction":[{"@type":"SearchAction","target":{"@type":"EntryPoint","urlTemplate":"https:\/\/kingwasp.be\/index.php\/main-page-nl\/?s={search_term_string}"},"query-input":{"@type":"PropertyValueSpecification","valueRequired":true,"valueName":"search_term_string"}}],"inLanguage":"en-US"},{"@type":"Organization","@id":"https:\/\/kingwasp.be\/index.php\/main-page-nl\/#organization","name":"KINGWASP","url":"https:\/\/kingwasp.be\/index.php\/main-page-nl\/","logo":{"@type":"ImageObject","inLanguage":"en-US","@id":"https:\/\/kingwasp.be\/index.php\/main-page-nl\/#\/schema\/logo\/image\/","url":"https:\/\/kingwasp.be\/wp-content\/uploads\/2023\/07\/KingWasp.png","contentUrl":"https:\/\/kingwasp.be\/wp-content\/uploads\/2023\/07\/KingWasp.png","width":9056,"height":5157,"caption":"KINGWASP"},"image":{"@id":"https:\/\/kingwasp.be\/index.php\/main-page-nl\/#\/schema\/logo\/image\/"},"sameAs":["https:\/\/www.facebook.com\/profile.php?id=100093659237284","https:\/\/instagram.com\/kingwaspvandamme?igshid=MzRlODBiNWFlZA=="]}]}},"_links":{"self":[{"href":"https:\/\/kingwasp.be\/index.php\/wp-json\/wp\/v2\/pages\/713","targetHints":{"allow":["GET"]}}],"collection":[{"href":"https:\/\/kingwasp.be\/index.php\/wp-json\/wp\/v2\/pages"}],"about":[{"href":"https:\/\/kingwasp.be\/index.php\/wp-json\/wp\/v2\/types\/page"}],"author":[{"embeddable":true,"href":"https:\/\/kingwasp.be\/index.php\/wp-json\/wp\/v2\/users\/1"}],"replies":[{"embeddable":true,"href":"https:\/\/kingwasp.be\/index.php\/wp-json\/wp\/v2\/comments?post=713"}],"version-history":[{"count":44,"href":"https:\/\/kingwasp.be\/index.php\/wp-json\/wp\/v2\/pages\/713\/revisions"}],"predecessor-version":[{"id":992,"href":"https:\/\/kingwasp.be\/index.php\/wp-json\/wp\/v2\/pages\/713\/revisions\/992"}],"wp:attachment":[{"href":"https:\/\/kingwasp.be\/index.php\/wp-json\/wp\/v2\/media?parent=713"}],"curies":[{"name":"wp","href":"https:\/\/api.w.org\/{rel}","templated":true}]}}